{"id":4352,"date":"2018-02-08T12:28:51","date_gmt":"2018-02-08T11:28:51","guid":{"rendered":"https:\/\/bertaggia.it\/cookies\/"},"modified":"2020-02-13T14:11:14","modified_gmt":"2020-02-13T13:11:14","slug":"cookies","status":"publish","type":"page","link":"https:\/\/bertaggia.it\/hr\/cookies\/","title":{"rendered":"Cookies"},"content":{"rendered":"<div class=\"wpb-content-wrapper\"><p>[vc_row css=&#8221;.vc_custom_1518615718336{padding-bottom: 50px !important;}&#8221;][vc_column][vc_column_text]<\/p>\n<p style=\"text-align: center;\"><strong>Informacije ex art. 13 Zakona o privatnosti<\/strong><br \/>\n<strong>sastavljeno u skladu s odredbama jamca 08.05.2014<\/strong><\/p>\n<p><strong>\u0160to su kola\u010di\u0107i?<\/strong><br \/>\nKola\u010di\u0107i su mali tekstualni nizovi koje web stranice koje korisnik posje\u0107uje \u0161alju na njegov terminal, gdje se pohranjuju i zatim ponovo prenose na iste stranice prilikom sljede\u0107eg posjeta istog korisnika.<br \/>\nZa potrebe koje nas se ti\u010du, kola\u010di\u0107i se dijele na tehni\u010dke i profiliraju\u0107e kola\u010di\u0107e, ovisno o funkciji za koju se koriste, te u kola\u010di\u0107e prve i tre\u0107e strane, ovisno o osobi koja ih instalira.<br \/>\n<span style=\"text-decoration: underline;\"><strong>Tehni\u010dki kola\u010di\u0107i<\/strong><\/span>: koriste se samo za &#8220;provo\u0111enje prijenosa komunikacije preko elektroni\u010dke komunikacijske mre\u017ee ili u onoj mjeri koja je nu\u017eno potrebna davatelju usluge informacijskog dru\u0161tva koji je izri\u010dito zatra\u017een (&#8230; izostavljen &#8230;) za pru\u017eanje usluge&#8221; ,<br \/>\nPodijeljeni su u:<br \/>\n&#8211; kola\u010di\u0107i za navigaciju ili sesiju koji jam\u010de normalnu navigaciju i funkciju web mjesta;<br \/>\n&#8211; analiti\u010dke kola\u010di\u0107e, asimilirane u tehni\u010dke kola\u010di\u0107e samo pod uvjetima utvr\u0111enim u Pojasnjenju jamca iz lipnja 2015.;<br \/>\n&#8211; kola\u010di\u0107i funkcionalnosti, koji korisniku omogu\u0107uju navigaciju prema nizu odabranih kriterija (na primjer, jezik, itd.).<br \/>\n<span style=\"text-decoration: underline;\"><strong>Kola\u010di\u0107i za profiliranje<\/strong><\/span>: oni su usmjereni na stvaranje korisni\u010dkih profila i koriste se za slanje reklamnih poruka u skladu s preferencijama koje su iste iskazale u kontekstu navigacije.<br \/>\n<span style=\"text-decoration: underline;\"><strong>Kola\u010di\u0107i tre\u0107e strane<\/strong><\/span>: kola\u010di\u0107i s web stranice koja nije ona koju korisnik posje\u0107uje, instalirani putem potonjeg (ovog zadnjega).<\/p>\n<p style=\"text-align: center;\">*** *** ***<\/p>\n<p style=\"text-align: left;\"><span style=\"text-decoration: underline;\"><strong>Kola\u010di\u0107e instalirane na ovom web mjestu<\/strong><\/span><br \/>\nOvo web mjesto, u vlasni\u0161tvu Arti Grafiche Bertaggia, sa sjedi\u0161tem u Saonari (PD), Viale Veneto n. 30, \u0161to pretpostavlja kvalitetu kontrolera podataka u skladu s Zakonodavnom uredbom br. 196\/03 (kod privatnosti), instalirajte sljede\u0107e kola\u010di\u0107e.<\/p>\n<p>&nbsp;<\/p>\n<p><span style=\"text-decoration: underline;\"><strong>Tehni\u010dki kola\u010di\u0107i<\/strong><\/span><\/p>\n<table class=\"cookies-tab\" width=\"653\" cellspacing=\"0\" cellpadding=\"7\">\n<colgroup>\n<col width=\"311\" \/>\n<col width=\"312\" \/> <\/colgroup>\n<tbody>\n<tr valign=\"top\">\n<td width=\"311\"><b>Tip<\/b><\/td>\n<td width=\"312\"><b>Funkcija<\/b><\/td>\n<\/tr>\n<tr valign=\"top\">\n<td width=\"311\"><b>_icl_current_language =<\/b><\/td>\n<td width=\"312\">kola\u010di\u0107 koji identificira trenutni jezik web mjesta<\/td>\n<\/tr>\n<tr valign=\"top\">\n<td width=\"311\"><b>cookie_notice_accepted =<br \/>\n<\/b><\/td>\n<td width=\"312\">kola\u010di\u0107 koji registrira pristanak na obradu osobnih podataka<\/td>\n<\/tr>\n<tr valign=\"top\">\n<td width=\"311\"><b>popup_open =<br \/>\n<\/b><\/td>\n<td width=\"312\">kola\u010di\u0107 koji signalizira ispravno otvaranje po\u010detnog sko\u010dnog prozora web mjesta<\/td>\n<\/tr>\n<tr valign=\"top\">\n<td width=\"311\"><b>slimstat_tracking_code =<br \/>\n<\/b><\/td>\n<td width=\"312\">kola\u010di\u0107 koji WordPress koristi za pra\u0107enje posjeta stranicama<\/td>\n<\/tr>\n<\/tbody>\n<\/table>\n<p>&nbsp;<\/p>\n<p><span style=\"text-decoration: underline;\"><strong>Kola\u010di\u0107i tre\u0107e strane<\/strong><\/span><\/p>\n<table class=\"cookies-tab\" width=\"653\" cellspacing=\"0\" cellpadding=\"7\">\n<colgroup>\n<col width=\"311\" \/>\n<col width=\"312\" \/> <\/colgroup>\n<tbody>\n<tr valign=\"top\">\n<td width=\"311\"><b>Facebook<br \/>\n<\/b><\/td>\n<td width=\"312\">Obrazac pro\u0161irenih podataka o Facebooku i obrazac pristanka dostupan na sljede\u0107oj poveznici:<br \/>\n<a href=\"https:\/\/hr-hr.facebook.com\/policies\/cookies\/\">https:\/\/hr-hr.facebook.com\/policies\/cookies\/<\/a><\/td>\n<\/tr>\n<tr valign=\"top\">\n<td width=\"311\"><b>YouTube<\/b><\/td>\n<td width=\"312\">YouTube pro\u0161ireni podaci i obrazac pristanka tre\u0107e strane dostupni na sljede\u0107oj vezi:<br \/>\n<a href=\"https:\/\/support.google.com\/youtube\/answer\/32050?hl=hr\">https:\/\/support.google.com\/youtube\/answer\/32050?hl=hr<\/a><\/td>\n<\/tr>\n<\/tbody>\n<\/table>\n<p>&nbsp;<\/p>\n<p><span style=\"text-decoration: underline;\"><strong>Analiti\u010dki kola\u010di\u0107i prvi dio<\/strong><\/span><\/p>\n<table class=\"cookies-tab\" width=\"653\" cellspacing=\"0\" cellpadding=\"7\">\n<colgroup>\n<col width=\"311\" \/>\n<col width=\"312\" \/> <\/colgroup>\n<tbody>\n<tr valign=\"top\">\n<td width=\"164\"><strong>Analiti\u010dki kola\u010di\u0107i<\/strong><\/td>\n<td width=\"312\">kola\u010di\u0107i koji se koriste za prikupljanje informacija, u zbirnom obliku, o broju korisnika i na\u010dinu na koji posje\u0107uju web mjesto. Ovi anonimni kola\u010di\u0107i prikupljaju podatke o na\u010dinu na koji se web stranica koristi.<\/td>\n<\/tr>\n<\/tbody>\n<\/table>\n<p>&nbsp;<\/p>\n<p><strong>Analiti\u010dki kola\u010di\u0107i tre\u0107e strane (sli\u010dno tehni\u010dkim kola\u010di\u0107ima)<\/strong><\/p>\n<table class=\"cookies-tab\" width=\"693\" cellspacing=\"0\" cellpadding=\"7\">\n<colgroup>\n<col width=\"164\" \/>\n<col width=\"499\" \/> <\/colgroup>\n<tbody>\n<tr valign=\"top\">\n<td width=\"164\"><strong>Google Analytics<\/strong><\/td>\n<td width=\"499\">Kola\u010di\u0107i Google Analytics &#8220;Analytics&#8221; * koji se koriste za prikupljanje podataka u zbirnom obliku o broju korisnika i na\u010dinu na koji posje\u0107uju web mjesto. Ovi anonimni kola\u010di\u0107i prikupljaju podatke o tome kako se koristi web mjesto i omogu\u0107avaju njegovom vlasniku bolje poznavanje korisnika i pobolj\u0161anje funkcioniranja same web stranice.<br \/>\nVi\u0161e informacija mo\u017eete prona\u0107i na sljede\u0107em linku:<br \/>\n<u><a href=\"https:\/\/marketingplatform.google.com\/about\/analytics\/terms\/us\/\"><span style=\"font-size: small;\">https:\/\/marketingplatform.google.com\/about\/analytics\/terms\/us\/<\/span><\/a><\/u><br \/>\n<u><a href=\"https:\/\/www.google.com\/analytics\/learn\/privacy.html?hl=hr\"><span style=\"font-size: small;\">https:\/\/www.google.com\/analytics\/learn\/privacy.html?hl=hr<\/span><\/a><\/u><\/td>\n<\/tr>\n<\/tbody>\n<\/table>\n<p>* asimilirano tehni\u010dkim kola\u010di\u0107ima odredbom jamca od 08.05.14. i naknadnim poja\u0161njenjima.<\/p>\n<p>&nbsp;<\/p>\n<p><strong>Kako odabrati \/ poni\u0161titi odabir ili onemogu\u0107iti, ukloniti ili blokirati kola\u010di\u0107e.<\/strong><br \/>\nOva web stranica omogu\u0107uje vam <strong>odabir \/ poni\u0161tavanje<\/strong> odabira pojedinih kola\u010di\u0107a, na na\u010din opisan u nastavku, <strong>ali upozoravamo vas da u slu\u010daju deaktivacije ne mo\u017ee biti zagarantovana potpuna upotrebljivost istih.<\/strong><br \/>\nWeb-lokacija omogu\u0107uje korisniku da izrazi svoje postupke u vezi s kola\u010di\u0107ima i putem postavki preglednika, prema slijede\u0107im pokazateljima.<br \/>\nDa <strong>biste onemogu\u0107ili, uklonili ili blokirali kola\u010di\u0107e<\/strong>, mo\u017eete koristiti postavke preglednika prema sljede\u0107im uputama:<\/p>\n<ul>\n<li><strong>Firefox<\/strong>:<br \/>\n1. Otvorite Firefox;<br \/>\n2. Pritisnite tipku &#8220;Alt&#8221; na tipkovnici;<br \/>\n3. Na alatnoj traci koja se nalazi na vrhu preglednika odaberite &#8220;Alati&#8221;, a zatim &#8220;Opcije&#8221;;<br \/>\n4. Zatim odaberite karticu &#8220;Privatnost&#8221;;<br \/>\n5. Idite na &#8220;Postavke povijesti&#8221;, a zatim na &#8220;Koristi prilago\u0111ene postavke&#8221;;<br \/>\n6. Poni\u0161tite odabir opcije &#8220;Prihvati kola\u010di\u0107e s web mjesta&#8221; i spremite svoje postavke.<\/li>\n<\/ul>\n<p>&nbsp;<\/p>\n<ul>\n<li><strong>Internet Explorer:<\/strong><br \/>\n1. Otvorite Internet Explorer;<br \/>\n2. Kliknite gumb &#8220;Alati&#8221;, a zatim &#8220;Internetske mogu\u0107nosti&#8221;;<br \/>\n3. Odaberite karticu &#8220;Privatnost&#8221; i pomaknite kliza\u010d na razinu privatnosti koju \u017eelite postaviti (prema gore da biste blokirali sve kola\u010di\u0107e ili prema dolje da biste ih sve omogu\u0107ili);<br \/>\n4. Zatim kliknite na &#8220;OK&#8221;.<\/li>\n<\/ul>\n<p>&nbsp;<\/p>\n<ul>\n<li><strong>Google Chrome:<\/strong><br \/>\n1. Otvorite Google Chrome;<br \/>\n2. Kliknite na ikonu &#8220;Alati&#8221;;<br \/>\n3. Odaberite &#8220;Postavke&#8221;, a zatim &#8220;Napredne postavke&#8221;;<br \/>\n4. Odaberite &#8220;Postavke sadr\u017eaja&#8221; u odjeljku &#8220;Privatnost&#8221;;<br \/>\n5. Na kartici &#8220;Kola\u010di\u0107i&#8221; mo\u017eete poni\u0161titi odabir kola\u010di\u0107a i spremiti svoje postavke.<\/li>\n<\/ul>\n<p>&nbsp;<\/p>\n<ul>\n<li><strong> Safari<\/strong>:<br \/>\n1. Otvorite Safari;<br \/>\n2. Na alatnoj traci odaberite &#8220;Postavke&#8221;, a zatim odaberite plo\u010du &#8220;Sigurnost&#8221; u sljede\u0107em dijalo\u0161kom okviru;<br \/>\n3. U odjeljku &#8220;Prihvati kola\u010di\u0107e&#8221; mogu\u0107e je odrediti treba li i kada Safari spremati kola\u010di\u0107e s web stranica. Za vi\u0161e informacija pritisnite gumb Pomo\u0107 (ozna\u010den upitnikom);<br \/>\n4. Za vi\u0161e informacija o kola\u010di\u0107ima koji su pohranjeni na va\u0161em ra\u010dunalu, kliknite na &#8220;Prika\u017ei kola\u010di\u0107e&#8221;.<br \/>\nKorisne informacije o kola\u010di\u0107ima i kako ih upravljati ili onemogu\u0107avati dostupne su na ovim adresama:<br \/>\n<a href=\"http:\/\/www.allaboutcookies.org\">http:\/\/www.allaboutcookies.org<\/a>; <a href=\"http:\/\/www.youronlinechoices.eu\">www.youronlinechoices.eu<\/a>.<\/li>\n<\/ul>\n<p>&nbsp;<\/p>\n<p><strong>Saznaj vi\u0161e<\/strong><br \/>\nZa vi\u0161e informacija o kori\u0161tenju kola\u010di\u0107a, svaka zainteresirana strana mo\u017ee se obratiti vlasniku izravno, putem e-maila, na sljede\u0107u adresu: <a href=\"mailto:info@bertaggia.it\">info@bertaggia.it<\/a>.[\/vc_column_text][\/vc_column][\/vc_row]<\/p>\n<\/div>","protected":false},"excerpt":{"rendered":"<p>[vc_row css=&#8221;.vc_custom_1518615718336{padding-bottom: 50px !important;}&#8221;][vc_column][vc_column_text] Informacije ex art. 13 Zakona o privatnosti sastavljeno u skladu s odredbama jamca 08.05.2014 \u0160to su kola\u010di\u0107i? Kola\u010di\u0107i su mali tekstualni nizovi koje web stranice koje korisnik posje\u0107uje \u0161alju na njegov terminal, gdje se pohranjuju i [&hellip;]<\/p>\n","protected":false},"author":1,"featured_media":0,"parent":0,"menu_order":0,"comment_status":"closed","ping_status":"closed","template":"","meta":{"footnotes":""},"class_list":["post-4352","page","type-page","status-publish","hentry"],"yoast_head":"<!-- This site is optimized with the Yoast SEO plugin v27.4 - https:\/\/yoast.com\/product\/yoast-seo-wordpress\/ -->\n<title>Cookies - Arti Grafiche Bertaggia<\/title>\n<meta name=\"robots\" content=\"index, follow, max-snippet:-1, max-image-preview:large, max-video-preview:-1\" \/>\n<link rel=\"canonical\" href=\"https:\/\/bertaggia.it\/cookies\/\" \/>\n<meta property=\"og:locale\" content=\"hr_HR\" \/>\n<meta property=\"og:type\" content=\"article\" \/>\n<meta property=\"og:title\" content=\"Cookies - Arti Grafiche Bertaggia\" \/>\n<meta property=\"og:description\" content=\"[vc_row css=&#8221;.vc_custom_1518615718336{padding-bottom: 50px !important;}&#8221;][vc_column][vc_column_text] Informacije ex art. 13 Zakona o privatnosti sastavljeno u skladu s odredbama jamca 08.05.2014 \u0160to su kola\u010di\u0107i? Kola\u010di\u0107i su mali tekstualni nizovi koje web stranice koje korisnik posje\u0107uje \u0161alju na njegov terminal, gdje se pohranjuju i [&hellip;]\" \/>\n<meta property=\"og:url\" content=\"https:\/\/bertaggia.it\/cookies\/\" \/>\n<meta property=\"og:site_name\" content=\"Arti Grafiche Bertaggia\" \/>\n<meta property=\"article:modified_time\" content=\"2020-02-13T13:11:14+00:00\" \/>\n<meta name=\"twitter:card\" content=\"summary_large_image\" \/>\n<meta name=\"twitter:label1\" content=\"Est. reading time\" \/>\n\t<meta name=\"twitter:data1\" content=\"5 minutes\" \/>\n<script type=\"application\/ld+json\" class=\"yoast-schema-graph\">{\"@context\":\"https:\\\/\\\/schema.org\",\"@graph\":[{\"@type\":\"WebPage\",\"@id\":\"https:\\\/\\\/bertaggia.it\\\/cookies\\\/\",\"url\":\"https:\\\/\\\/bertaggia.it\\\/cookies\\\/\",\"name\":\"Cookies - Arti Grafiche Bertaggia\",\"isPartOf\":{\"@id\":\"https:\\\/\\\/bertaggia.it\\\/#website\"},\"datePublished\":\"2018-02-08T11:28:51+00:00\",\"dateModified\":\"2020-02-13T13:11:14+00:00\",\"breadcrumb\":{\"@id\":\"https:\\\/\\\/bertaggia.it\\\/cookies\\\/#breadcrumb\"},\"inLanguage\":\"hr-HR\",\"potentialAction\":[{\"@type\":\"ReadAction\",\"target\":[\"https:\\\/\\\/bertaggia.it\\\/cookies\\\/\"]}]},{\"@type\":\"BreadcrumbList\",\"@id\":\"https:\\\/\\\/bertaggia.it\\\/cookies\\\/#breadcrumb\",\"itemListElement\":[{\"@type\":\"ListItem\",\"position\":1,\"name\":\"Home\",\"item\":\"https:\\\/\\\/bertaggia.it\\\/hr\\\/\"},{\"@type\":\"ListItem\",\"position\":2,\"name\":\"Cookies\"}]},{\"@type\":\"WebSite\",\"@id\":\"https:\\\/\\\/bertaggia.it\\\/#website\",\"url\":\"https:\\\/\\\/bertaggia.it\\\/\",\"name\":\"Arti Grafiche Bertaggia\",\"description\":\"Soluzioni custom e personalizzate per ogni tipo di esigenza. Dalla progettazione alla stampa, dalla legatoria al wrapping, dalle installazioni ai gadget.\",\"potentialAction\":[{\"@type\":\"SearchAction\",\"target\":{\"@type\":\"EntryPoint\",\"urlTemplate\":\"https:\\\/\\\/bertaggia.it\\\/?s={search_term_string}\"},\"query-input\":{\"@type\":\"PropertyValueSpecification\",\"valueRequired\":true,\"valueName\":\"search_term_string\"}}],\"inLanguage\":\"hr-HR\"}]}<\/script>\n<!-- \/ Yoast SEO plugin. -->","yoast_head_json":{"title":"Cookies - Arti Grafiche Bertaggia","robots":{"index":"index","follow":"follow","max-snippet":"max-snippet:-1","max-image-preview":"max-image-preview:large","max-video-preview":"max-video-preview:-1"},"canonical":"https:\/\/bertaggia.it\/cookies\/","og_locale":"hr_HR","og_type":"article","og_title":"Cookies - Arti Grafiche Bertaggia","og_description":"[vc_row css=&#8221;.vc_custom_1518615718336{padding-bottom: 50px !important;}&#8221;][vc_column][vc_column_text] Informacije ex art. 13 Zakona o privatnosti sastavljeno u skladu s odredbama jamca 08.05.2014 \u0160to su kola\u010di\u0107i? Kola\u010di\u0107i su mali tekstualni nizovi koje web stranice koje korisnik posje\u0107uje \u0161alju na njegov terminal, gdje se pohranjuju i [&hellip;]","og_url":"https:\/\/bertaggia.it\/cookies\/","og_site_name":"Arti Grafiche Bertaggia","article_modified_time":"2020-02-13T13:11:14+00:00","twitter_card":"summary_large_image","twitter_misc":{"Est. reading time":"5 minutes"},"schema":{"@context":"https:\/\/schema.org","@graph":[{"@type":"WebPage","@id":"https:\/\/bertaggia.it\/cookies\/","url":"https:\/\/bertaggia.it\/cookies\/","name":"Cookies - Arti Grafiche Bertaggia","isPartOf":{"@id":"https:\/\/bertaggia.it\/#website"},"datePublished":"2018-02-08T11:28:51+00:00","dateModified":"2020-02-13T13:11:14+00:00","breadcrumb":{"@id":"https:\/\/bertaggia.it\/cookies\/#breadcrumb"},"inLanguage":"hr-HR","potentialAction":[{"@type":"ReadAction","target":["https:\/\/bertaggia.it\/cookies\/"]}]},{"@type":"BreadcrumbList","@id":"https:\/\/bertaggia.it\/cookies\/#breadcrumb","itemListElement":[{"@type":"ListItem","position":1,"name":"Home","item":"https:\/\/bertaggia.it\/hr\/"},{"@type":"ListItem","position":2,"name":"Cookies"}]},{"@type":"WebSite","@id":"https:\/\/bertaggia.it\/#website","url":"https:\/\/bertaggia.it\/","name":"Arti Grafiche Bertaggia","description":"Soluzioni custom e personalizzate per ogni tipo di esigenza. Dalla progettazione alla stampa, dalla legatoria al wrapping, dalle installazioni ai gadget.","potentialAction":[{"@type":"SearchAction","target":{"@type":"EntryPoint","urlTemplate":"https:\/\/bertaggia.it\/?s={search_term_string}"},"query-input":{"@type":"PropertyValueSpecification","valueRequired":true,"valueName":"search_term_string"}}],"inLanguage":"hr-HR"}]}},"_links":{"self":[{"href":"https:\/\/bertaggia.it\/hr\/wp-json\/wp\/v2\/pages\/4352","targetHints":{"allow":["GET"]}}],"collection":[{"href":"https:\/\/bertaggia.it\/hr\/wp-json\/wp\/v2\/pages"}],"about":[{"href":"https:\/\/bertaggia.it\/hr\/wp-json\/wp\/v2\/types\/page"}],"author":[{"embeddable":true,"href":"https:\/\/bertaggia.it\/hr\/wp-json\/wp\/v2\/users\/1"}],"replies":[{"embeddable":true,"href":"https:\/\/bertaggia.it\/hr\/wp-json\/wp\/v2\/comments?post=4352"}],"version-history":[{"count":0,"href":"https:\/\/bertaggia.it\/hr\/wp-json\/wp\/v2\/pages\/4352\/revisions"}],"wp:attachment":[{"href":"https:\/\/bertaggia.it\/hr\/wp-json\/wp\/v2\/media?parent=4352"}],"curies":[{"name":"wp","href":"https:\/\/api.w.org\/{rel}","templated":true}]}}