{"id":4350,"date":"2018-02-08T12:02:29","date_gmt":"2018-02-08T11:02:29","guid":{"rendered":"https:\/\/bertaggia.it\/privacy\/"},"modified":"2020-02-13T12:20:17","modified_gmt":"2020-02-13T11:20:17","slug":"privacy","status":"publish","type":"page","link":"https:\/\/bertaggia.it\/hr\/privacy\/","title":{"rendered":"Privacy"},"content":{"rendered":"<div class=\"wpb-content-wrapper\"><p>[vc_row css=&#8221;.vc_custom_1518088193159{padding-bottom: 100px !important;}&#8221;][vc_column][vc_column_text]Arti Grafiche Bertaggia preko sluzbenog predstavnika, a to je Vlasnik tretmana, sa sjedistem sluzbeno u Saonara-i (PD), Viale Veneto br.30, prema clanu 13 Kodeksa sto se odnosi na zastitu osobnih podataka, Odredba Lgs.30.06.2003. br.196 (nadalje naznacen kao \u201cKodeks Privacy\u201d), izvjestava Vas da ispunjenjem i upucenjem objavljenog formulara (form-a) na ovoj web stranici smatra \/ podrazumijeva da se moze imati uvid u Vase osobne podatke i njihov tretman.<\/p>\n<p>&nbsp;<\/p>\n<p><strong>Svrha tretmana<\/strong><br \/>\nOsobne podatke koje pru\u017eaju korisnici koji ispunjavaju i \u0161alju obrazac objavljen na ovoj web stranici kontrolor podataka \u0107e upotrijebiti za odgovor na zahtjev za informacijama ili podr\u0161ku koju je uputio korisnik.<br \/>\nObvezna ili neobavezna priroda pru\u017eanja podataka i posljedice odbijanja odgovora.<br \/>\nDavanje tra\u017eenih osobnih podataka strogo je potrebno da biste poslali zahtjev za informacijom ili podr\u0161ku i, stoga, dobili odgovor.<br \/>\nAko ne dostavi tra\u017eene podatke, zainteresovanoj \u0107e strani biti nemogu\u0107e poslati obrazac i dobiti ono \u0161to se tra\u017ei.<\/p>\n<p>&nbsp;<\/p>\n<p><strong>Metode obrade<\/strong><br \/>\nArti Grafiche Bertaggia osobne \u0107e podatke obra\u0111ivati osobe odgovorne i menad\u017eeri (formalno identificirani) koji \u0107e koristiti alate i potpornje (papir i \/ ili IT), pogodne za jam\u010denje njihove sigurnosti i povjerljivosti.<br \/>\nSubjekti ili kategorije subjekata kojima se podaci mogu prenijeti i bilo koji opseg \u0161irenja podataka.<br \/>\nPodaci koje daju korisnici koji po\u0161alju zahtjev za informacijom ili podr\u0161kom ne\u0107e se objavljivati; podaci se mogu priop\u0107iti tre\u0107im stranama samo ako i ako je potrebno za obradu zahtjeva za informacijom ili podr\u0161kom (na primjer, subjekti koji pripadaju prodajnoj mre\u017ei itd.)<\/p>\n<p>&nbsp;<\/p>\n<p><strong>Prava zainteresirane strane<\/strong><br \/>\nS obzirom na svoje osobne podatke, svaka zainteresirana strana mo\u017ee ostvarivati prava predvi\u0111ena \u010dl. 7 Kodeksa (uklju\u010duju\u0107i, posebno, pristup pristupu osobnim podacima koji se odnose na njega, zahtijevanje njihove ispravke, a\u017euriranja ili otkazivanja, kao i protivljenje njihovom postupanju iz opravdanih razloga), u granicama i pod uvjetima utvr\u0111enima u \u010clanku 8., 9. i 10. Kodeksa, uz jednostavnu komunikaciju s dolje potpisanom tvrtkom, e-po\u0161tom na adresu: info@bertaggia.it<\/p>\n<p>&nbsp;<\/p>\n<p><strong>Poja\u0161njenje o tretmanu<\/strong><br \/>\nPrikupljene podatke obradit \u0107e Arti Grafiche Bertaggia sve dok je to neophodno da bi se odgovorilo na zahtjev za informacijama ili podr\u0161ku koji mu je poslao korisnik.<br \/>\nU svakom slu\u010daju, osobni podaci koji se ne trebaju \u010duvati u svrhe u koje se obra\u0111uju bit \u0107e izbrisani ili transformirani anonimno, kako to zahtijeva zakon.<\/p>\n<p>&nbsp;<\/p>\n<p><strong>Popis menad\u017eera<\/strong><br \/>\nIzme\u0111u ostalog, Bertaggia Marco odgovoran je za obradu va\u0161ih podataka. Potpuni i a\u017eurirani popis odgovornih za obradu podataka mo\u017ee se zatra\u017eiti izravno od Arti Grafiche Bertaggia e-po\u0161tom na gornjoj adresi.[\/vc_column_text][\/vc_column][\/vc_row]<\/p>\n<\/div>","protected":false},"excerpt":{"rendered":"<p>[vc_row css=&#8221;.vc_custom_1518088193159{padding-bottom: 100px !important;}&#8221;][vc_column][vc_column_text]Arti Grafiche Bertaggia preko sluzbenog predstavnika, a to je Vlasnik tretmana, sa sjedistem sluzbeno u Saonara-i (PD), Viale Veneto br.30, prema clanu 13 Kodeksa sto se odnosi na zastitu osobnih podataka, Odredba Lgs.30.06.2003. br.196 (nadalje naznacen kao [&hellip;]<\/p>\n","protected":false},"author":1,"featured_media":0,"parent":0,"menu_order":0,"comment_status":"closed","ping_status":"closed","template":"","meta":{"footnotes":""},"class_list":["post-4350","page","type-page","status-publish","hentry"],"yoast_head":"<!-- This site is optimized with the Yoast SEO plugin v27.4 - https:\/\/yoast.com\/product\/yoast-seo-wordpress\/ -->\n<title>Privacy - Arti Grafiche Bertaggia<\/title>\n<meta name=\"robots\" content=\"index, follow, max-snippet:-1, max-image-preview:large, max-video-preview:-1\" \/>\n<link rel=\"canonical\" href=\"https:\/\/bertaggia.it\/privacy\/\" \/>\n<meta property=\"og:locale\" content=\"hr_HR\" \/>\n<meta property=\"og:type\" content=\"article\" \/>\n<meta property=\"og:title\" content=\"Privacy - Arti Grafiche Bertaggia\" \/>\n<meta property=\"og:description\" content=\"[vc_row css=&#8221;.vc_custom_1518088193159{padding-bottom: 100px !important;}&#8221;][vc_column][vc_column_text]Arti Grafiche Bertaggia preko sluzbenog predstavnika, a to je Vlasnik tretmana, sa sjedistem sluzbeno u Saonara-i (PD), Viale Veneto br.30, prema clanu 13 Kodeksa sto se odnosi na zastitu osobnih podataka, Odredba Lgs.30.06.2003. br.196 (nadalje naznacen kao [&hellip;]\" \/>\n<meta property=\"og:url\" content=\"https:\/\/bertaggia.it\/privacy\/\" \/>\n<meta property=\"og:site_name\" content=\"Arti Grafiche Bertaggia\" \/>\n<meta property=\"article:modified_time\" content=\"2020-02-13T11:20:17+00:00\" \/>\n<meta name=\"twitter:card\" content=\"summary_large_image\" \/>\n<meta name=\"twitter:label1\" content=\"Est. reading time\" \/>\n\t<meta name=\"twitter:data1\" content=\"2 minutes\" \/>\n<script type=\"application\/ld+json\" class=\"yoast-schema-graph\">{\"@context\":\"https:\\\/\\\/schema.org\",\"@graph\":[{\"@type\":\"WebPage\",\"@id\":\"https:\\\/\\\/bertaggia.it\\\/privacy\\\/\",\"url\":\"https:\\\/\\\/bertaggia.it\\\/privacy\\\/\",\"name\":\"Privacy - Arti Grafiche Bertaggia\",\"isPartOf\":{\"@id\":\"https:\\\/\\\/bertaggia.it\\\/#website\"},\"datePublished\":\"2018-02-08T11:02:29+00:00\",\"dateModified\":\"2020-02-13T11:20:17+00:00\",\"breadcrumb\":{\"@id\":\"https:\\\/\\\/bertaggia.it\\\/privacy\\\/#breadcrumb\"},\"inLanguage\":\"hr-HR\",\"potentialAction\":[{\"@type\":\"ReadAction\",\"target\":[\"https:\\\/\\\/bertaggia.it\\\/privacy\\\/\"]}]},{\"@type\":\"BreadcrumbList\",\"@id\":\"https:\\\/\\\/bertaggia.it\\\/privacy\\\/#breadcrumb\",\"itemListElement\":[{\"@type\":\"ListItem\",\"position\":1,\"name\":\"Home\",\"item\":\"https:\\\/\\\/bertaggia.it\\\/hr\\\/\"},{\"@type\":\"ListItem\",\"position\":2,\"name\":\"Privacy\"}]},{\"@type\":\"WebSite\",\"@id\":\"https:\\\/\\\/bertaggia.it\\\/#website\",\"url\":\"https:\\\/\\\/bertaggia.it\\\/\",\"name\":\"Arti Grafiche Bertaggia\",\"description\":\"Soluzioni custom e personalizzate per ogni tipo di esigenza. Dalla progettazione alla stampa, dalla legatoria al wrapping, dalle installazioni ai gadget.\",\"potentialAction\":[{\"@type\":\"SearchAction\",\"target\":{\"@type\":\"EntryPoint\",\"urlTemplate\":\"https:\\\/\\\/bertaggia.it\\\/?s={search_term_string}\"},\"query-input\":{\"@type\":\"PropertyValueSpecification\",\"valueRequired\":true,\"valueName\":\"search_term_string\"}}],\"inLanguage\":\"hr-HR\"}]}<\/script>\n<!-- \/ Yoast SEO plugin. -->","yoast_head_json":{"title":"Privacy - Arti Grafiche Bertaggia","robots":{"index":"index","follow":"follow","max-snippet":"max-snippet:-1","max-image-preview":"max-image-preview:large","max-video-preview":"max-video-preview:-1"},"canonical":"https:\/\/bertaggia.it\/privacy\/","og_locale":"hr_HR","og_type":"article","og_title":"Privacy - Arti Grafiche Bertaggia","og_description":"[vc_row css=&#8221;.vc_custom_1518088193159{padding-bottom: 100px !important;}&#8221;][vc_column][vc_column_text]Arti Grafiche Bertaggia preko sluzbenog predstavnika, a to je Vlasnik tretmana, sa sjedistem sluzbeno u Saonara-i (PD), Viale Veneto br.30, prema clanu 13 Kodeksa sto se odnosi na zastitu osobnih podataka, Odredba Lgs.30.06.2003. br.196 (nadalje naznacen kao [&hellip;]","og_url":"https:\/\/bertaggia.it\/privacy\/","og_site_name":"Arti Grafiche Bertaggia","article_modified_time":"2020-02-13T11:20:17+00:00","twitter_card":"summary_large_image","twitter_misc":{"Est. reading time":"2 minutes"},"schema":{"@context":"https:\/\/schema.org","@graph":[{"@type":"WebPage","@id":"https:\/\/bertaggia.it\/privacy\/","url":"https:\/\/bertaggia.it\/privacy\/","name":"Privacy - Arti Grafiche Bertaggia","isPartOf":{"@id":"https:\/\/bertaggia.it\/#website"},"datePublished":"2018-02-08T11:02:29+00:00","dateModified":"2020-02-13T11:20:17+00:00","breadcrumb":{"@id":"https:\/\/bertaggia.it\/privacy\/#breadcrumb"},"inLanguage":"hr-HR","potentialAction":[{"@type":"ReadAction","target":["https:\/\/bertaggia.it\/privacy\/"]}]},{"@type":"BreadcrumbList","@id":"https:\/\/bertaggia.it\/privacy\/#breadcrumb","itemListElement":[{"@type":"ListItem","position":1,"name":"Home","item":"https:\/\/bertaggia.it\/hr\/"},{"@type":"ListItem","position":2,"name":"Privacy"}]},{"@type":"WebSite","@id":"https:\/\/bertaggia.it\/#website","url":"https:\/\/bertaggia.it\/","name":"Arti Grafiche Bertaggia","description":"Soluzioni custom e personalizzate per ogni tipo di esigenza. Dalla progettazione alla stampa, dalla legatoria al wrapping, dalle installazioni ai gadget.","potentialAction":[{"@type":"SearchAction","target":{"@type":"EntryPoint","urlTemplate":"https:\/\/bertaggia.it\/?s={search_term_string}"},"query-input":{"@type":"PropertyValueSpecification","valueRequired":true,"valueName":"search_term_string"}}],"inLanguage":"hr-HR"}]}},"_links":{"self":[{"href":"https:\/\/bertaggia.it\/hr\/wp-json\/wp\/v2\/pages\/4350","targetHints":{"allow":["GET"]}}],"collection":[{"href":"https:\/\/bertaggia.it\/hr\/wp-json\/wp\/v2\/pages"}],"about":[{"href":"https:\/\/bertaggia.it\/hr\/wp-json\/wp\/v2\/types\/page"}],"author":[{"embeddable":true,"href":"https:\/\/bertaggia.it\/hr\/wp-json\/wp\/v2\/users\/1"}],"replies":[{"embeddable":true,"href":"https:\/\/bertaggia.it\/hr\/wp-json\/wp\/v2\/comments?post=4350"}],"version-history":[{"count":0,"href":"https:\/\/bertaggia.it\/hr\/wp-json\/wp\/v2\/pages\/4350\/revisions"}],"wp:attachment":[{"href":"https:\/\/bertaggia.it\/hr\/wp-json\/wp\/v2\/media?parent=4350"}],"curies":[{"name":"wp","href":"https:\/\/api.w.org\/{rel}","templated":true}]}}