{"id":4215,"date":"2018-02-08T12:12:39","date_gmt":"2018-02-08T11:12:39","guid":{"rendered":"https:\/\/bertaggia.it\/condizioni-duso\/"},"modified":"2020-02-13T14:28:46","modified_gmt":"2020-02-13T13:28:46","slug":"uvjeti-koristenja","status":"publish","type":"page","link":"https:\/\/bertaggia.it\/hr\/uvjeti-koristenja\/","title":{"rendered":"Uvjeti Kori\u0161tenja"},"content":{"rendered":"<div class=\"wpb-content-wrapper\"><p>[vc_row css=&#8221;.vc_custom_1518088193159{padding-bottom: 100px !important;}&#8221;][vc_column][vc_column_text]<strong>VA\u017dNO:<\/strong><br \/>\nZa upis i mogu\u0107u upotrebu usluga koje se navode na web stranicama \u201cArti Grafiche Bertaggia\u201d potrebno je da zainteresirani prihvatite sljede\u0107e Op\u0107e uvjete za upotrebu navedenih internet stranica uz vlastitu suglasnost koja se odnosi na tretman osobnih podataka na osnovi pravilnika prema odredbi D.Igs 196\/2003.<\/p>\n<p>&nbsp;<\/p>\n<p><strong>OP\u0106I UVJETI ZA UPOTREBU WEB STRANICA<\/strong><\/p>\n<p><strong>1. Karakteristike, sadr\u017eaj web stranica, copyright i registrirane robne marke<\/strong><br \/>\nInternet stranica i svi njezini sadr\u017eaji poput marke, simbola (logotipa), slika, tekstova, itd. su ekskluzivno vlasni\u0161tvo tvrtke \u201cArti Grafiche Bertaggia\u201d (dalje navedeno samo kao \u201cTvrtka\u201d) ili drugih osoba koje doprinose uslugama Tvrtke. Sadr\u017eaji su za\u0161ti\u0107eni talijanskim i me\u0111unarodnim zakonima koja se odnose na autorska prava.<br \/>\nRa\u010dunalni programi upotrebljeni na internetskim stranicama su vlasni\u0161tvo Tvrtke, te su zasti\u0107eni me\u0111unarodnim zakonima o Autorskom pravu. Vlasni\u0161tvo Tvrtke, kao i njegovi sadr\u017eaji ne smiju se niti djelomi\u010dno niti u cijelosti reproducirati, \u0161iriti, prodavati, prenositi ili preuzimati.<br \/>\nNaziv, proizvodi, usluge, grafike i simboli Tvrtke \u201cArti Grafiche Bertaggia\u201d su robne marke registrirane na vlastito ime.<br \/>\nDrugi navedeni proizvodi, usluge i nazivi mogli bi se odnositi na robne marke registrirane od strane doti\u010dnih vlasnika. Internet stranica \u201cArti Grafiche Bertaggia\u201d mo\u017ee sadr\u017eavati poveznicu (link) na internet stranice koje ne vodi ova Tvrtka, a koja slu\u017ei samo kao jednostavan osvrt\/primjer i zbog toga se ova Tvrtka ne mo\u017ee smatrati odgovornom za eventualne sadr\u017eaje. Tvrtka ne daje nikakvu garanciju i, u tom smislu, nema odgovornosti u vezi gore navedenih mogu\u0107ih situacija vezanih za sadr\u017eaje koji nisu u njenom vlasni\u0161tvu.<\/p>\n<p>&nbsp;<\/p>\n<p><strong>2. Upotreba internet stranica \u201cArti Grafiche Bertaggia\u201d<br \/>\n<\/strong>Internet stranice \u201cArti Grafiche Bertaggia\u201d ne smiju biti upotrebljene za \u0161irenje pornografskog materijala, ili uvreda op\u0107enito u moralnom smislu, kao\u00a0ili u bilo kakve nezakonite ciljeve. Zabranjena je reprodukcija, mijenjanje bilo kojih sadr\u017eaja, duplikacija, kopiranje, distribucija, trgovanje i kori\u0161tenje internet stranica u komercijalne svrhe. Dozvoljeno je preuzeti i printati jednu kopiju materijala s interneta, isklju\u010divo za osobne potrebe ili u dobronamjerne svrhe. Neovla\u0161tena upotreba materijala s internet stranica, predstavlja kr\u0161enje zakona koji se odnose na Autorsko pravo, a koji se kao takvi primjenjuju na intelektualno vlasni\u0161tvo. Korisnik na sebe preuzima odgovornost za sve mogu\u0107e implikacije i \u0161tetu nastalu preuzimanjem i kopiranjem materijala za\u0161ti\u0107enih Autorskim pravom \u010dija je upotreba zabranjena u bilo kojem drugom internetskom sadr\u017eaju.<\/p>\n<p>&nbsp;<\/p>\n<p><strong>3. Starost i odgovornost korisnika<br \/>\n<\/strong>Korisnik\u00a0mora biti punoljetan i odgovoran za upotrebu ovih internet stranica.<br \/>\nPrihva\u0107anjem Op\u0107ih uvjeta, korisnik preuzima na sebe vlastitu odgovornost u slu\u010daju da do\u0111e do nepravilnosti kori\u0161tenjem internet stranica. Zainteresirana osoba\/ korisnik, koji se registrira, mora imati pravovaljane osobne dokumente i garantirati njihovu ispravnost i valjanost pod punom materijalnom i moralnom odgovorno\u0161\u0107u.<br \/>\nKorisnik je svjestan preuzimanja odgovornosti kod upotrebe internet stranica ili u slu\u010daju da se druga lica koriste njegovim osobnim podacima.<\/p>\n<p>&nbsp;<\/p>\n<p><strong>4. Isklju\u010dena garancija<br \/>\n<\/strong>Internet stranicu Arti Grafiche Bertaggia pru\u017ea tvrtka &#8220;onakva kakva jest&#8221;. Tvrtka i njeni dobavlja\u010di ne jam\u010de za rad stranice, to\u010dnost, cjelovitost, pouzdanost informacija, materijala i proizvoda koji se nalaze na njima. U mjeri u kojoj to dopu\u0161taju primjenjivi zakoni, Tvrtka ne daje implicitno ili izri\u010dito jamstvo plativosti i prikladnosti za odre\u0111enu svrhu<\/p>\n<p>&nbsp;<\/p>\n<p><strong>5. Ograni\u010denje odgovornosti<br \/>\n<\/strong>Tvrtka ne\u0107e biti odgovorna za bilo kakvu \u0161tetu nastalu uporabom internet stranice, uklju\u010duju\u0107i izravnu, neizravnu, slu\u010dajnu i posljedi\u010dnu \u0161tetu.<\/p>\n<p>&nbsp;<\/p>\n<p><strong>6. Zakon Odredba<br \/>\n<\/strong>Na navedene Opce uvjete mo\u017ee se primijeniti talijanski zakon.<\/p>\n<p>&nbsp;<\/p>\n<p><strong>7. Imjene u Op\u0107im uvjetima<br \/>\n<\/strong>Tvrtka zadr\u017eava pravo izmjene stranice i ovih Op\u0107ih uvjeta u bilo kojem trenutku. O izmjenama korisnici \u0107e biti izvije\u0161teni na internet stranicama Arti Grafiche Bertaggia. Prihva\u0107anjem Op\u0107ih uvjeta, korisnik \u0107e mo\u0107i i dalje koristiti usluge internet stranice Arti Grafiche Bertaggia po\u0161tuju\u0107i izmijenjene dijelove Op\u0107ih uvjeta.<\/p>\n<p>&nbsp;<\/p>\n<p><strong>8. Daljni Uvjeti<br \/>\n<\/strong>Dodatni uvjeti, osim ovih, mogu se primjenjivati na prodaju robe i usluga ili na upotrebu drugih dijelova internet stranica; korisnik prihva\u0107anjem izjavljuje da \u0107e ispunjavati ove druge uvjete i odredbe i da \u0107e se prilagoditi mogu\u0107im dodatnim terminima i uvjetima.[\/vc_column_text][\/vc_column][\/vc_row]<\/p>\n<\/div>","protected":false},"excerpt":{"rendered":"<p>[vc_row css=&#8221;.vc_custom_1518088193159{padding-bottom: 100px !important;}&#8221;][vc_column][vc_column_text]VA\u017dNO: Za upis i mogu\u0107u upotrebu usluga koje se navode na web stranicama \u201cArti Grafiche Bertaggia\u201d potrebno je da zainteresirani prihvatite sljede\u0107e Op\u0107e uvjete za upotrebu navedenih internet stranica uz vlastitu suglasnost koja se odnosi na tretman [&hellip;]<\/p>\n","protected":false},"author":1,"featured_media":0,"parent":0,"menu_order":0,"comment_status":"closed","ping_status":"closed","template":"","meta":{"footnotes":""},"class_list":["post-4215","page","type-page","status-publish","hentry"],"yoast_head":"<!-- This site is optimized with the Yoast SEO plugin v27.4 - https:\/\/yoast.com\/product\/yoast-seo-wordpress\/ -->\n<title>Uvjeti Kori\u0161tenja - Arti Grafiche Bertaggia<\/title>\n<meta name=\"robots\" content=\"index, follow, max-snippet:-1, max-image-preview:large, max-video-preview:-1\" \/>\n<link rel=\"canonical\" href=\"https:\/\/bertaggia.it\/condizioni-duso\/\" \/>\n<meta property=\"og:locale\" content=\"hr_HR\" \/>\n<meta property=\"og:type\" content=\"article\" \/>\n<meta property=\"og:title\" content=\"Uvjeti Kori\u0161tenja - Arti Grafiche Bertaggia\" \/>\n<meta property=\"og:description\" content=\"[vc_row css=&#8221;.vc_custom_1518088193159{padding-bottom: 100px !important;}&#8221;][vc_column][vc_column_text]VA\u017dNO: Za upis i mogu\u0107u upotrebu usluga koje se navode na web stranicama \u201cArti Grafiche Bertaggia\u201d potrebno je da zainteresirani prihvatite sljede\u0107e Op\u0107e uvjete za upotrebu navedenih internet stranica uz vlastitu suglasnost koja se odnosi na tretman [&hellip;]\" \/>\n<meta property=\"og:url\" content=\"https:\/\/bertaggia.it\/condizioni-duso\/\" \/>\n<meta property=\"og:site_name\" content=\"Arti Grafiche Bertaggia\" \/>\n<meta property=\"article:modified_time\" content=\"2020-02-13T13:28:46+00:00\" \/>\n<meta name=\"twitter:card\" content=\"summary_large_image\" \/>\n<meta name=\"twitter:label1\" content=\"Est. reading time\" \/>\n\t<meta name=\"twitter:data1\" content=\"4 minutes\" \/>\n<script type=\"application\/ld+json\" class=\"yoast-schema-graph\">{\"@context\":\"https:\\\/\\\/schema.org\",\"@graph\":[{\"@type\":\"WebPage\",\"@id\":\"https:\\\/\\\/bertaggia.it\\\/condizioni-duso\\\/\",\"url\":\"https:\\\/\\\/bertaggia.it\\\/condizioni-duso\\\/\",\"name\":\"Uvjeti Kori\u0161tenja - Arti Grafiche Bertaggia\",\"isPartOf\":{\"@id\":\"https:\\\/\\\/bertaggia.it\\\/#website\"},\"datePublished\":\"2018-02-08T11:12:39+00:00\",\"dateModified\":\"2020-02-13T13:28:46+00:00\",\"breadcrumb\":{\"@id\":\"https:\\\/\\\/bertaggia.it\\\/condizioni-duso\\\/#breadcrumb\"},\"inLanguage\":\"hr-HR\",\"potentialAction\":[{\"@type\":\"ReadAction\",\"target\":[\"https:\\\/\\\/bertaggia.it\\\/condizioni-duso\\\/\"]}]},{\"@type\":\"BreadcrumbList\",\"@id\":\"https:\\\/\\\/bertaggia.it\\\/condizioni-duso\\\/#breadcrumb\",\"itemListElement\":[{\"@type\":\"ListItem\",\"position\":1,\"name\":\"Home\",\"item\":\"https:\\\/\\\/bertaggia.it\\\/hr\\\/\"},{\"@type\":\"ListItem\",\"position\":2,\"name\":\"Uvjeti Kori\u0161tenja\"}]},{\"@type\":\"WebSite\",\"@id\":\"https:\\\/\\\/bertaggia.it\\\/#website\",\"url\":\"https:\\\/\\\/bertaggia.it\\\/\",\"name\":\"Arti Grafiche Bertaggia\",\"description\":\"Soluzioni custom e personalizzate per ogni tipo di esigenza. Dalla progettazione alla stampa, dalla legatoria al wrapping, dalle installazioni ai gadget.\",\"potentialAction\":[{\"@type\":\"SearchAction\",\"target\":{\"@type\":\"EntryPoint\",\"urlTemplate\":\"https:\\\/\\\/bertaggia.it\\\/?s={search_term_string}\"},\"query-input\":{\"@type\":\"PropertyValueSpecification\",\"valueRequired\":true,\"valueName\":\"search_term_string\"}}],\"inLanguage\":\"hr-HR\"}]}<\/script>\n<!-- \/ Yoast SEO plugin. -->","yoast_head_json":{"title":"Uvjeti Kori\u0161tenja - Arti Grafiche Bertaggia","robots":{"index":"index","follow":"follow","max-snippet":"max-snippet:-1","max-image-preview":"max-image-preview:large","max-video-preview":"max-video-preview:-1"},"canonical":"https:\/\/bertaggia.it\/condizioni-duso\/","og_locale":"hr_HR","og_type":"article","og_title":"Uvjeti Kori\u0161tenja - Arti Grafiche Bertaggia","og_description":"[vc_row css=&#8221;.vc_custom_1518088193159{padding-bottom: 100px !important;}&#8221;][vc_column][vc_column_text]VA\u017dNO: Za upis i mogu\u0107u upotrebu usluga koje se navode na web stranicama \u201cArti Grafiche Bertaggia\u201d potrebno je da zainteresirani prihvatite sljede\u0107e Op\u0107e uvjete za upotrebu navedenih internet stranica uz vlastitu suglasnost koja se odnosi na tretman [&hellip;]","og_url":"https:\/\/bertaggia.it\/condizioni-duso\/","og_site_name":"Arti Grafiche Bertaggia","article_modified_time":"2020-02-13T13:28:46+00:00","twitter_card":"summary_large_image","twitter_misc":{"Est. reading time":"4 minutes"},"schema":{"@context":"https:\/\/schema.org","@graph":[{"@type":"WebPage","@id":"https:\/\/bertaggia.it\/condizioni-duso\/","url":"https:\/\/bertaggia.it\/condizioni-duso\/","name":"Uvjeti Kori\u0161tenja - Arti Grafiche Bertaggia","isPartOf":{"@id":"https:\/\/bertaggia.it\/#website"},"datePublished":"2018-02-08T11:12:39+00:00","dateModified":"2020-02-13T13:28:46+00:00","breadcrumb":{"@id":"https:\/\/bertaggia.it\/condizioni-duso\/#breadcrumb"},"inLanguage":"hr-HR","potentialAction":[{"@type":"ReadAction","target":["https:\/\/bertaggia.it\/condizioni-duso\/"]}]},{"@type":"BreadcrumbList","@id":"https:\/\/bertaggia.it\/condizioni-duso\/#breadcrumb","itemListElement":[{"@type":"ListItem","position":1,"name":"Home","item":"https:\/\/bertaggia.it\/hr\/"},{"@type":"ListItem","position":2,"name":"Uvjeti Kori\u0161tenja"}]},{"@type":"WebSite","@id":"https:\/\/bertaggia.it\/#website","url":"https:\/\/bertaggia.it\/","name":"Arti Grafiche Bertaggia","description":"Soluzioni custom e personalizzate per ogni tipo di esigenza. Dalla progettazione alla stampa, dalla legatoria al wrapping, dalle installazioni ai gadget.","potentialAction":[{"@type":"SearchAction","target":{"@type":"EntryPoint","urlTemplate":"https:\/\/bertaggia.it\/?s={search_term_string}"},"query-input":{"@type":"PropertyValueSpecification","valueRequired":true,"valueName":"search_term_string"}}],"inLanguage":"hr-HR"}]}},"_links":{"self":[{"href":"https:\/\/bertaggia.it\/hr\/wp-json\/wp\/v2\/pages\/4215","targetHints":{"allow":["GET"]}}],"collection":[{"href":"https:\/\/bertaggia.it\/hr\/wp-json\/wp\/v2\/pages"}],"about":[{"href":"https:\/\/bertaggia.it\/hr\/wp-json\/wp\/v2\/types\/page"}],"author":[{"embeddable":true,"href":"https:\/\/bertaggia.it\/hr\/wp-json\/wp\/v2\/users\/1"}],"replies":[{"embeddable":true,"href":"https:\/\/bertaggia.it\/hr\/wp-json\/wp\/v2\/comments?post=4215"}],"version-history":[{"count":0,"href":"https:\/\/bertaggia.it\/hr\/wp-json\/wp\/v2\/pages\/4215\/revisions"}],"wp:attachment":[{"href":"https:\/\/bertaggia.it\/hr\/wp-json\/wp\/v2\/media?parent=4215"}],"curies":[{"name":"wp","href":"https:\/\/api.w.org\/{rel}","templated":true}]}}